{"id":1205,"date":"2013-05-12T11:11:23","date_gmt":"2013-05-12T11:11:23","guid":{"rendered":"http:\/\/ntmu.net\/?page_id=1205"},"modified":"2018-11-26T20:39:21","modified_gmt":"2018-11-26T20:39:21","slug":"dutch-articles","status":"publish","type":"page","link":"http:\/\/ntmu.net\/?page_id=1205","title":{"rendered":"Dutch Articles"},"content":{"rendered":"<table border=\"0\" width=\"85%\" cellspacing=\"5\" cellpadding=\"0\">\n<tbody>\n<tr>\n<td width=\"8%\" height=\"29\"><a href=\"http:\/\/ntmu.net\/pdf\/Vergezichten.pdf\" target=\"_blank\"><img loading=\"lazy\" class=\"aligncenter\" src=\"https:\/\/i0.wp.com\/ntmu.net\/images\/city8A.jpg?resize=63%2C42\" alt=\"\" width=\"63\" height=\"42\" data-recalc-dims=\"1\" \/><\/a><\/td>\n<td width=\"94%\">\n<h4><strong><em>Vergezichten\u2026<\/em><\/strong><\/h4>\n<\/td>\n<\/tr>\n<tr>\n<td width=\"6%\"><\/td>\n<td width=\"94%\">Christenen zijn dikwijls \u2018bijziende\u2019; anders gezegd, ze zijn meer \u2018navel\u2019gericht dan \u2018panorama\u2019gericht.Gerard van Noppen, bewust dat de Heer Jezus het tegenovergestelde wilde voor Zijn discipelen, namelijk dat ze hun ogen OP zouden slaan (Joh. 4:35), heeft ons dit prachtige boekje meegegeven.Alle grootse bijbelpanorama\u2019s uit het wereldgebeuren, van schepping tot h\u00e9rschepping, passeren de revue. Als je voorheen het bos niet meer zag vanwege de bomen, nu kun je het \u2018bos\u2019 duidelijk ontwaren. Je oog wordt speciaal gericht op de hoogste \u2018ceders\u2019 \u2013 ze steken er boven uit.<\/td>\n<\/tr>\n<tr>\n<td width=\"8%\" height=\"29\">\u00a0<a href=\"http:\/\/ntmu.net\/?p=522\"><img data-attachment-id=\"1206\" data-permalink=\"http:\/\/ntmu.net\/?attachment_id=1206\" data-orig-file=\"https:\/\/i2.wp.com\/ntmu.net\/wp-content\/uploads\/2013\/05\/fruitGrapes4B1.jpg?fit=489%2C762\" data-orig-size=\"489,762\" data-comments-opened=\"0\" data-image-meta=\"{&quot;aperture&quot;:&quot;0&quot;,&quot;credit&quot;:&quot;&quot;,&quot;camera&quot;:&quot;&quot;,&quot;caption&quot;:&quot;&quot;,&quot;created_timestamp&quot;:&quot;0&quot;,&quot;copyright&quot;:&quot;&quot;,&quot;focal_length&quot;:&quot;0&quot;,&quot;iso&quot;:&quot;0&quot;,&quot;shutter_speed&quot;:&quot;0&quot;,&quot;title&quot;:&quot;&quot;}\" data-image-title=\"fruitGrapes4B\" data-image-description=\"\" data-medium-file=\"https:\/\/i2.wp.com\/ntmu.net\/wp-content\/uploads\/2013\/05\/fruitGrapes4B1.jpg?fit=489%2C762\" data-large-file=\"https:\/\/i2.wp.com\/ntmu.net\/wp-content\/uploads\/2013\/05\/fruitGrapes4B1.jpg?fit=489%2C762\" loading=\"lazy\" class=\"size-full wp-image-1206 aligncenter\" src=\"https:\/\/i2.wp.com\/ntmu.net\/wp-content\/uploads\/2013\/05\/fruitGrapes4B1.jpg?resize=36%2C57\" alt=\"fruitGrapes4B\" width=\"36\" height=\"57\" data-recalc-dims=\"1\" \/><\/a><\/td>\n<td width=\"94%\">\n<h4>De Wijnstok en de Ranken<\/h4>\n<\/td>\n<\/tr>\n<tr>\n<td width=\"6%\"><\/td>\n<td width=\"94%\">Je christenleven niet bepaald\u00a0inspirerend? Eerder een lange reeks teleurstellingen? Net als het zo&#8217;n beetje marcheert,\u00a0ga je weer onderuit?! En toch&#8230; er\u00a0is\u00a0een relatie met &#8220;De Ware\u00a0Wijnstok&#8221;\u00a0die vrucht draagt! Is er ook voor jou!<\/td>\n<\/tr>\n<tr>\n<td width=\"8%\" height=\"29\"><a href=\"http:\/\/ntmu.net\/pdf\/ZALIG.pdf\" target=\"_blank\"><img loading=\"lazy\" class=\"aligncenter\" src=\"http:\/\/ntmu.net\/images\/treesRiver 1.jpg\" alt=\"\" width=\"49\" height=\"56\" \/><\/a><\/td>\n<td width=\"94%\">\n<h4><strong><em>Hij Maakt je ANDERS!<\/em><\/strong><\/h4>\n<\/td>\n<\/tr>\n<tr>\n<td width=\"6%\"><\/td>\n<td width=\"94%\">Vervlakking is geen vriend van menselijk geluk: alles kan, alles mag (bijna), aan alles moet je meedoen. Je bent gewoon bang om uit de toon te vallen, bang om ANDERS te zijn. Maar neem nou Jozef; op 17-jarige leeftijd als slaaf verkocht in Egypte, bleef hij JA zeggen tegen God en NEE tegen de zonde.In h\u00e9\u00e9l Egypte was er <strong><em>niemand <\/em><\/strong>zo ANDERS, \u00e9n zo gelukkig als Jozef!D\u00e1\u00e1rover had Jezus het nu, helemaal aan\u2019t begin van zijn openbare \u2018bediening\u2019, en d\u00e1\u00e1rover dus gaat dit e-boekje.<\/p>\n<p>Er zal vast wel wat in staan wat ook voor jou de spijker op de kop slaat! Laat je ANDERS maken!<\/td>\n<\/tr>\n<tr>\n<td width=\"8%\" height=\"29\"><a href=\"http:\/\/ntmu.net\/pdf\/LEVEN, LICHT, LIEFDE.pdf\"><img loading=\"lazy\" class=\"aligncenter\" src=\"http:\/\/ntmu.net\/images\/LIGHT walking.jpg\" alt=\"\" width=\"63\" height=\"62\" \/><\/a><\/td>\n<td width=\"94%\"><strong><em>Leven, Licht en Liefde<\/em><\/strong><\/td>\n<\/tr>\n<tr>\n<td width=\"6%\"><\/td>\n<td width=\"94%\">D\u00e1\u00e1r gaat het over als de apostel Johannes zijn eerste brief begint te schrijven. De drie begrippen heeft hij aan den lijve ondervonden, en wat wil hij graag dat al zijn lezers ze gaan kennen\u2026; uit ervaring!<\/td>\n<\/tr>\n<\/tbody>\n<\/table>\n<div class=\"sharedaddy sd-sharing-enabled\"><div class=\"robots-nocontent sd-block sd-social sd-social-icon-text sd-sharing\"><h3 class=\"sd-title\">Share this:<\/h3><div class=\"sd-content\"><ul><li class=\"share-facebook\"><a rel=\"nofollow noopener noreferrer\" data-shared=\"sharing-facebook-1205\" class=\"share-facebook sd-button share-icon\" href=\"http:\/\/ntmu.net\/?page_id=1205&amp;share=facebook\" target=\"_blank\" title=\"Click to share on Facebook\"><span>Facebook<\/span><\/a><\/li><li class=\"share-linkedin\"><a rel=\"nofollow noopener noreferrer\" data-shared=\"sharing-linkedin-1205\" class=\"share-linkedin sd-button share-icon\" href=\"http:\/\/ntmu.net\/?page_id=1205&amp;share=linkedin\" target=\"_blank\" title=\"Click to share on LinkedIn\"><span>LinkedIn<\/span><\/a><\/li><li class=\"share-twitter\"><a rel=\"nofollow noopener noreferrer\" data-shared=\"sharing-twitter-1205\" class=\"share-twitter sd-button share-icon\" href=\"http:\/\/ntmu.net\/?page_id=1205&amp;share=twitter\" target=\"_blank\" title=\"Click to share on Twitter\"><span>Twitter<\/span><\/a><\/li><li class=\"share-print\"><a rel=\"nofollow noopener noreferrer\" data-shared=\"\" class=\"share-print sd-button share-icon\" href=\"http:\/\/ntmu.net\/?page_id=1205\" target=\"_blank\" title=\"Click to print\"><span>Print<\/span><\/a><\/li><li class=\"share-end\"><\/li><\/ul><\/div><\/div><\/div>","protected":false},"excerpt":{"rendered":"<p>Vergezichten\u2026 Christenen zijn dikwijls \u2018bijziende\u2019; anders gezegd, ze zijn meer \u2018navel\u2019gericht dan \u2018panorama\u2019gericht.Gerard van Noppen, bewust dat de Heer Jezus het tegenovergestelde wilde voor Zijn discipelen, namelijk dat ze hun ogen OP zouden slaan (Joh. 4:35), heeft ons dit prachtige boekje meegegeven.Alle grootse bijbelpanorama\u2019s uit het wereldgebeuren, van schepping tot h\u00e9rschepping, passeren de revue. Als [&hellip;]<\/p>\n<div class=\"sharedaddy sd-sharing-enabled\"><div class=\"robots-nocontent sd-block sd-social sd-social-icon-text sd-sharing\"><h3 class=\"sd-title\">Share this:<\/h3><div class=\"sd-content\"><ul><li class=\"share-facebook\"><a rel=\"nofollow noopener noreferrer\" data-shared=\"sharing-facebook-1205\" class=\"share-facebook sd-button share-icon\" href=\"http:\/\/ntmu.net\/?page_id=1205&amp;share=facebook\" target=\"_blank\" title=\"Click to share on Facebook\"><span>Facebook<\/span><\/a><\/li><li class=\"share-linkedin\"><a rel=\"nofollow noopener noreferrer\" data-shared=\"sharing-linkedin-1205\" class=\"share-linkedin sd-button share-icon\" href=\"http:\/\/ntmu.net\/?page_id=1205&amp;share=linkedin\" target=\"_blank\" title=\"Click to share on LinkedIn\"><span>LinkedIn<\/span><\/a><\/li><li class=\"share-twitter\"><a rel=\"nofollow noopener noreferrer\" data-shared=\"sharing-twitter-1205\" class=\"share-twitter sd-button share-icon\" href=\"http:\/\/ntmu.net\/?page_id=1205&amp;share=twitter\" target=\"_blank\" title=\"Click to share on Twitter\"><span>Twitter<\/span><\/a><\/li><li class=\"share-print\"><a rel=\"nofollow noopener noreferrer\" data-shared=\"\" class=\"share-print sd-button share-icon\" href=\"http:\/\/ntmu.net\/?page_id=1205\" target=\"_blank\" title=\"Click to print\"><span>Print<\/span><\/a><\/li><li class=\"share-end\"><\/li><\/ul><\/div><\/div><\/div>","protected":false},"author":1,"featured_media":0,"parent":0,"menu_order":0,"comment_status":"closed","ping_status":"closed","template":"","meta":{"spay_email":""},"jetpack_sharing_enabled":true,"jetpack_shortlink":"https:\/\/wp.me\/Pd9LLw-jr","_links":{"self":[{"href":"http:\/\/ntmu.net\/index.php?rest_route=\/wp\/v2\/pages\/1205"}],"collection":[{"href":"http:\/\/ntmu.net\/index.php?rest_route=\/wp\/v2\/pages"}],"about":[{"href":"http:\/\/ntmu.net\/index.php?rest_route=\/wp\/v2\/types\/page"}],"author":[{"embeddable":true,"href":"http:\/\/ntmu.net\/index.php?rest_route=\/wp\/v2\/users\/1"}],"replies":[{"embeddable":true,"href":"http:\/\/ntmu.net\/index.php?rest_route=%2Fwp%2Fv2%2Fcomments&post=1205"}],"version-history":[{"count":8,"href":"http:\/\/ntmu.net\/index.php?rest_route=\/wp\/v2\/pages\/1205\/revisions"}],"predecessor-version":[{"id":1826,"href":"http:\/\/ntmu.net\/index.php?rest_route=\/wp\/v2\/pages\/1205\/revisions\/1826"}],"wp:attachment":[{"href":"http:\/\/ntmu.net\/index.php?rest_route=%2Fwp%2Fv2%2Fmedia&parent=1205"}],"curies":[{"name":"wp","href":"https:\/\/api.w.org\/{rel}","templated":true}]}}