{"id":1859,"date":"2019-10-20T02:56:07","date_gmt":"2019-10-20T02:56:07","guid":{"rendered":"http:\/\/ntmu.net\/?page_id=1859"},"modified":"2021-12-06T18:18:50","modified_gmt":"2021-12-06T18:18:50","slug":"portuguese-articles","status":"publish","type":"page","link":"http:\/\/ntmu.net\/?page_id=1859","title":{"rendered":"Portuguese Articles"},"content":{"rendered":"<table style=\"height: 150px;\" width=\"550\" cellspacing=\"5\" cellpadding=\"0\" border=\"0\">\n<tbody>\n<tr>\n<td width=\"6%\"><a href=\"http:\/\/ntmu.net\/wp-content\/uploads\/2021\/12\/Heriberto-traducao.pdf\"><img loading=\"lazy\" class=\"aligncenter\" src=\"https:\/\/i0.wp.com\/ntmu.net\/images\/PyFortunaHeriberto.jpg?resize=68%2C87\" alt=\"\" width=\"68\" height=\"87\"  data-recalc-dims=\"1\"><\/a><\/td>\n<td width=\"94%\"><strong><em>HERIBERTO NASCEU DE NOVO!<\/em><\/strong><\/td>\n<\/tr>\n<tr>\n<td width=\"6%\"><\/td>\n<td width=\"94%\">\u201cPurificando a vossa alma na obedi\u00eancia \u00e0 verdade, para amor fraternal, n\u00e3o fingido, amai-vos ardentemente uns aos outros, com um cora\u00e7\u00e3o puro;&nbsp;sendo de novo gerados, n\u00e3o de semente corrupt\u00edvel, mas da incorrupt\u00edvel, pela palavra de Deus, viva e que permanece para sempre\u201d (1\u00aa Pedro 1:22-23).<\/td>\n<\/tr>\n<\/tbody>\n<\/table>\n<div class=\"sharedaddy sd-sharing-enabled\"><div class=\"robots-nocontent sd-block sd-social sd-social-icon-text sd-sharing\"><h3 class=\"sd-title\">Share this:<\/h3><div class=\"sd-content\"><ul><li class=\"share-facebook\"><a rel=\"nofollow noopener noreferrer\" data-shared=\"sharing-facebook-1859\" class=\"share-facebook sd-button share-icon\" href=\"http:\/\/ntmu.net\/?page_id=1859&amp;share=facebook\" target=\"_blank\" title=\"Click to share on Facebook\"><span>Facebook<\/span><\/a><\/li><li class=\"share-linkedin\"><a rel=\"nofollow noopener noreferrer\" data-shared=\"sharing-linkedin-1859\" class=\"share-linkedin sd-button share-icon\" href=\"http:\/\/ntmu.net\/?page_id=1859&amp;share=linkedin\" target=\"_blank\" title=\"Click to share on LinkedIn\"><span>LinkedIn<\/span><\/a><\/li><li class=\"share-twitter\"><a rel=\"nofollow noopener noreferrer\" data-shared=\"sharing-twitter-1859\" class=\"share-twitter sd-button share-icon\" href=\"http:\/\/ntmu.net\/?page_id=1859&amp;share=twitter\" target=\"_blank\" title=\"Click to share on Twitter\"><span>Twitter<\/span><\/a><\/li><li class=\"share-print\"><a rel=\"nofollow noopener noreferrer\" data-shared=\"\" class=\"share-print sd-button share-icon\" href=\"http:\/\/ntmu.net\/?page_id=1859\" target=\"_blank\" title=\"Click to print\"><span>Print<\/span><\/a><\/li><li class=\"share-end\"><\/li><\/ul><\/div><\/div><\/div>","protected":false},"excerpt":{"rendered":"<p>HERIBERTO NASCEU DE NOVO! \u201cPurificando a vossa alma na obedi\u00eancia \u00e0 verdade, para amor fraternal, n\u00e3o fingido, amai-vos ardentemente uns aos outros, com um cora\u00e7\u00e3o puro;&nbsp;sendo de novo gerados, n\u00e3o de semente corrupt\u00edvel, mas da incorrupt\u00edvel, pela palavra de Deus, viva e que permanece para sempre\u201d (1\u00aa Pedro 1:22-23).<\/p>\n<div class=\"sharedaddy sd-sharing-enabled\"><div class=\"robots-nocontent sd-block sd-social sd-social-icon-text sd-sharing\"><h3 class=\"sd-title\">Share this:<\/h3><div class=\"sd-content\"><ul><li class=\"share-facebook\"><a rel=\"nofollow noopener noreferrer\" data-shared=\"sharing-facebook-1859\" class=\"share-facebook sd-button share-icon\" href=\"http:\/\/ntmu.net\/?page_id=1859&amp;share=facebook\" target=\"_blank\" title=\"Click to share on Facebook\"><span>Facebook<\/span><\/a><\/li><li class=\"share-linkedin\"><a rel=\"nofollow noopener noreferrer\" data-shared=\"sharing-linkedin-1859\" class=\"share-linkedin sd-button share-icon\" href=\"http:\/\/ntmu.net\/?page_id=1859&amp;share=linkedin\" target=\"_blank\" title=\"Click to share on LinkedIn\"><span>LinkedIn<\/span><\/a><\/li><li class=\"share-twitter\"><a rel=\"nofollow noopener noreferrer\" data-shared=\"sharing-twitter-1859\" class=\"share-twitter sd-button share-icon\" href=\"http:\/\/ntmu.net\/?page_id=1859&amp;share=twitter\" target=\"_blank\" title=\"Click to share on Twitter\"><span>Twitter<\/span><\/a><\/li><li class=\"share-print\"><a rel=\"nofollow noopener noreferrer\" data-shared=\"\" class=\"share-print sd-button share-icon\" href=\"http:\/\/ntmu.net\/?page_id=1859\" target=\"_blank\" title=\"Click to print\"><span>Print<\/span><\/a><\/li><li class=\"share-end\"><\/li><\/ul><\/div><\/div><\/div>","protected":false},"author":1,"featured_media":0,"parent":0,"menu_order":0,"comment_status":"closed","ping_status":"closed","template":"","meta":{"spay_email":""},"jetpack_sharing_enabled":true,"jetpack_shortlink":"https:\/\/wp.me\/Pd9LLw-tZ","_links":{"self":[{"href":"http:\/\/ntmu.net\/index.php?rest_route=\/wp\/v2\/pages\/1859"}],"collection":[{"href":"http:\/\/ntmu.net\/index.php?rest_route=\/wp\/v2\/pages"}],"about":[{"href":"http:\/\/ntmu.net\/index.php?rest_route=\/wp\/v2\/types\/page"}],"author":[{"embeddable":true,"href":"http:\/\/ntmu.net\/index.php?rest_route=\/wp\/v2\/users\/1"}],"replies":[{"embeddable":true,"href":"http:\/\/ntmu.net\/index.php?rest_route=%2Fwp%2Fv2%2Fcomments&post=1859"}],"version-history":[{"count":3,"href":"http:\/\/ntmu.net\/index.php?rest_route=\/wp\/v2\/pages\/1859\/revisions"}],"predecessor-version":[{"id":1925,"href":"http:\/\/ntmu.net\/index.php?rest_route=\/wp\/v2\/pages\/1859\/revisions\/1925"}],"wp:attachment":[{"href":"http:\/\/ntmu.net\/index.php?rest_route=%2Fwp%2Fv2%2Fmedia&parent=1859"}],"curies":[{"name":"wp","href":"https:\/\/api.w.org\/{rel}","templated":true}]}}