{"id":820,"date":"2013-03-26T17:24:21","date_gmt":"2013-03-26T17:24:21","guid":{"rendered":"http:\/\/ntmu.net\/?page_id=820"},"modified":"2017-01-09T11:26:29","modified_gmt":"2017-01-09T11:26:29","slug":"diapositivas-nuevo-dia-new-day-slides","status":"publish","type":"page","link":"https:\/\/ntmu.net\/?page_id=820","title":{"rendered":"Videos &#038; Diapositivas \u201cNUEVO D\u00cdA\u201d &#8211; \u201cNEW DAY\u201d slides"},"content":{"rendered":"<table border=\"0\" width=\"85%\" cellspacing=\"5\" cellpadding=\"0\">\n<tbody>\n<tr>\n<td width=\"6%\">\u00a0<a href=\"http:\/\/ntmu.net\/?p=1683\"><img loading=\"lazy\" class=\"aligncenter\" src=\"https:\/\/i1.wp.com\/ntmu.net\/images\/Israel4.jpg?resize=86%2C93\" alt=\"\" width=\"86\" height=\"93\" data-recalc-dims=\"1\" \/><\/a><\/td>\n<td width=\"94%\"><strong><em>El Problema del Oriente Medio<\/em><\/strong><\/td>\n<\/tr>\n<tr>\n<td width=\"6%\"><\/td>\n<td width=\"94%\">Este v\u00eddeo de Dennis Prager (en ingl\u00e9s, pero con subt\u00edtulos en espa\u00f1ol) resume la historia del conflicto de Oriente Medio. \u00c9l se basa en los hechos, y hace ver como \u00e9stos cada vez quedan m\u00e1s turbios con los esfuerzos de revisi\u00f3n de los pa\u00edses musulmanes. Prager pregunta: \u00bfPor qu\u00e9 el \u00fanico estado jud\u00edo en el mundo, que no tiene m\u00e1s que el tama\u00f1o de \u2018El Salvador\u2019, tiene que ser \u2018borrado del mapa\u2019? Al observar los comportamientos de las naciones musulmanes y de Israel, y al compararlos, no podr\u00e1s menos que quedar maravillado de que el mundo tienda a apoyar la posici\u00f3n musulmana en una cuesti\u00f3n que de complicada no tiene nada&#8230; Seg\u00fan Prager, se reduce sencillamente a que, \u201cun lado busca la muerte del otro\u201d.<\/p>\n<p>Prager no lo menciona, pero hay un <strong>\u00fanico<\/strong> libro, totalmente fiable en cuestiones de profec\u00eda; es la Biblia. Ah\u00ed est\u00e1 la verdadera relevancia e importancia. Ah\u00ed encontramos lo que el \u2018<strong>Dios de Israel<\/strong>\u2019, hace ya 25 siglos, le dijo a su profeta Zacar\u00edas:<br \/>\n\u201cHe aqu\u00ed yo pongo a Jerusal\u00e9n por copa que har\u00e1 temblar a todos los pueblos de alrededor contra Jud\u00e1, en el sitio contra Jerusal\u00e9n. Y en aquel d\u00eda yo pondr\u00e9 a <strong>Jerusal\u00e9n<\/strong> por <strong>piedra pesada a todos los pueblos<\/strong>; todos los que se la cargaren ser\u00e1n despedazados, bien que todas las naciones de la tierra se juntar\u00e1n contra ella\u201d (cap. 12).<\/td>\n<\/tr>\n<tr>\n<td width=\"6%\"><a href=\"http:\/\/ntmu.net\/pps\/ISRAELinternet.pps\" target=\"_blank\"><img data-attachment-id=\"826\" data-permalink=\"https:\/\/ntmu.net\/?attachment_id=826\" data-orig-file=\"https:\/\/i0.wp.com\/ntmu.net\/wp-content\/uploads\/2013\/03\/Israeli-flag.jpg?fit=405%2C300&amp;ssl=1\" data-orig-size=\"405,300\" data-comments-opened=\"0\" data-image-meta=\"{&quot;aperture&quot;:&quot;0&quot;,&quot;credit&quot;:&quot;&quot;,&quot;camera&quot;:&quot;&quot;,&quot;caption&quot;:&quot;&quot;,&quot;created_timestamp&quot;:&quot;0&quot;,&quot;copyright&quot;:&quot;&quot;,&quot;focal_length&quot;:&quot;0&quot;,&quot;iso&quot;:&quot;0&quot;,&quot;shutter_speed&quot;:&quot;0&quot;,&quot;title&quot;:&quot;&quot;}\" data-image-title=\"Israeli flag\" data-image-description=\"\" data-medium-file=\"https:\/\/i0.wp.com\/ntmu.net\/wp-content\/uploads\/2013\/03\/Israeli-flag.jpg?fit=300%2C222&amp;ssl=1\" data-large-file=\"https:\/\/i0.wp.com\/ntmu.net\/wp-content\/uploads\/2013\/03\/Israeli-flag.jpg?fit=405%2C300&amp;ssl=1\" loading=\"lazy\" class=\"alignnone size-medium wp-image-826\" src=\"https:\/\/i0.wp.com\/ntmu.net\/wp-content\/uploads\/2013\/03\/Israeli-flag.jpg?resize=91%2C67\" alt=\"Israeli flag\" width=\"91\" height=\"67\" srcset=\"https:\/\/i0.wp.com\/ntmu.net\/wp-content\/uploads\/2013\/03\/Israeli-flag.jpg?resize=300%2C222&amp;ssl=1 300w, https:\/\/i0.wp.com\/ntmu.net\/wp-content\/uploads\/2013\/03\/Israeli-flag.jpg?w=405&amp;ssl=1 405w\" sizes=\"(max-width: 91px) 100vw, 91px\" data-recalc-dims=\"1\" \/><\/a><\/td>\n<td width=\"94%\">\n<h3>ISRAEL, \u00a1Pueblo de La Promesa!<\/h3>\n<\/td>\n<\/tr>\n<tr>\n<td width=\"6%\"><\/td>\n<td width=\"94%\">\u00a1El &#8220;reloj&#8221; de Dios, aunque parezca lento, nunca se retrasa, ni se adelanta! Si ahora indica la &#8220;hora cero&#8221;, es porque estamos en la &#8220;hora cero&#8221;, en la hora-de-La-Promesa. Treinticinco diapositivas, con fotos, mapas, y sobre todo con Escrituras, muestran la incre\u00edble culminaci\u00f3n de los siglos. Amanece un Nuevo D\u00eda para Israel&#8230;, \u00a1y no s\u00f3lo para Israel&#8230;!<\/td>\n<\/tr>\n<tr>\n<td width=\"6%\"><a href=\"http:\/\/ntmu.net\/pps\/El%20MES%C3%8DAS.pps\"><img data-attachment-id=\"821\" data-permalink=\"https:\/\/ntmu.net\/?attachment_id=821\" data-orig-file=\"https:\/\/i0.wp.com\/ntmu.net\/wp-content\/uploads\/2013\/03\/alfaomega.jpg?fit=113%2C83&amp;ssl=1\" data-orig-size=\"113,83\" data-comments-opened=\"0\" data-image-meta=\"{&quot;aperture&quot;:&quot;0&quot;,&quot;credit&quot;:&quot;&quot;,&quot;camera&quot;:&quot;&quot;,&quot;caption&quot;:&quot;&quot;,&quot;created_timestamp&quot;:&quot;0&quot;,&quot;copyright&quot;:&quot;&quot;,&quot;focal_length&quot;:&quot;0&quot;,&quot;iso&quot;:&quot;0&quot;,&quot;shutter_speed&quot;:&quot;0&quot;,&quot;title&quot;:&quot;&quot;}\" data-image-title=\"alfaomega\" data-image-description=\"\" data-medium-file=\"https:\/\/i0.wp.com\/ntmu.net\/wp-content\/uploads\/2013\/03\/alfaomega.jpg?fit=113%2C83&amp;ssl=1\" data-large-file=\"https:\/\/i0.wp.com\/ntmu.net\/wp-content\/uploads\/2013\/03\/alfaomega.jpg?fit=113%2C83&amp;ssl=1\" loading=\"lazy\" class=\"alignnone size-full wp-image-821\" src=\"https:\/\/i0.wp.com\/ntmu.net\/wp-content\/uploads\/2013\/03\/alfaomega.jpg?resize=100%2C73\" alt=\"alfaomega\" width=\"100\" height=\"73\" data-recalc-dims=\"1\" \/><\/a><\/td>\n<td width=\"94%\">\n<h3>El MES\u00cdAS de ISRAEL<\/h3>\n<\/td>\n<\/tr>\n<tr>\n<td width=\"6%\"><\/td>\n<td width=\"94%\">Desde G\u00e9nesis 3 sonaba y resonaba la gran promesa: &#8220;\u00a1Viene el Mes\u00edas!&#8221;, es decir, a trav\u00e9s de las Escrituras, y a trav\u00e9s de los altibajos del pueblo escogido. Pero cuando vino, no era del agrado de Israel; le rechazaron y le crucificaron\u2026<br \/>\n\u00bfLuego qu\u00e9? \u00bfSigui\u00f3 Israel figurando en los planes de Dios? \u00bfHay lugar para los que no son jud\u00edos? Te invitamos para un viaje a trav\u00e9s de los siglos y milenios. Seguro que har\u00e1s alg\u00fan gran descubrimiento&#8230;<\/td>\n<\/tr>\n<tr>\n<td width=\"6%\"><a href=\"http:\/\/ntmu.net\/pps\/%C3%A1guilas.pps\"><img data-attachment-id=\"823\" data-permalink=\"https:\/\/ntmu.net\/?attachment_id=823\" data-orig-file=\"https:\/\/i0.wp.com\/ntmu.net\/wp-content\/uploads\/2013\/03\/birdsEagle2.jpg?fit=299%2C206&amp;ssl=1\" data-orig-size=\"299,206\" data-comments-opened=\"0\" data-image-meta=\"{&quot;aperture&quot;:&quot;0&quot;,&quot;credit&quot;:&quot;&quot;,&quot;camera&quot;:&quot;&quot;,&quot;caption&quot;:&quot;&quot;,&quot;created_timestamp&quot;:&quot;0&quot;,&quot;copyright&quot;:&quot;&quot;,&quot;focal_length&quot;:&quot;0&quot;,&quot;iso&quot;:&quot;0&quot;,&quot;shutter_speed&quot;:&quot;0&quot;,&quot;title&quot;:&quot;&quot;}\" data-image-title=\"birdsEagle2\" data-image-description=\"\" data-medium-file=\"https:\/\/i0.wp.com\/ntmu.net\/wp-content\/uploads\/2013\/03\/birdsEagle2.jpg?fit=299%2C206&amp;ssl=1\" data-large-file=\"https:\/\/i0.wp.com\/ntmu.net\/wp-content\/uploads\/2013\/03\/birdsEagle2.jpg?fit=299%2C206&amp;ssl=1\" loading=\"lazy\" class=\"alignnone size-full wp-image-823\" src=\"https:\/\/i0.wp.com\/ntmu.net\/wp-content\/uploads\/2013\/03\/birdsEagle2.jpg?resize=79%2C54\" alt=\"birdsEagle2\" width=\"79\" height=\"54\" data-recalc-dims=\"1\" \/><\/a><\/td>\n<td width=\"94%\">\n<h3>\u00c1GUILAS<\/h3>\n<\/td>\n<\/tr>\n<tr>\n<td width=\"6%\"><\/td>\n<td width=\"94%\">\u00bfQu\u00e9 diferencias hay entre el avestruz y el \u00e1guila? Un pps fascinante te revela los secretos del &#8220;\u00e1guila&#8221; y como aprovecharlos.<\/td>\n<\/tr>\n<tr>\n<td width=\"6%\"><a href=\"http:\/\/ntmu.net\/pps\/Nubarrones.pps\"><img data-attachment-id=\"825\" data-permalink=\"https:\/\/ntmu.net\/?attachment_id=825\" data-orig-file=\"https:\/\/i2.wp.com\/ntmu.net\/wp-content\/uploads\/2013\/03\/clouds.jpg?fit=183%2C192&amp;ssl=1\" data-orig-size=\"183,192\" data-comments-opened=\"0\" data-image-meta=\"{&quot;aperture&quot;:&quot;0&quot;,&quot;credit&quot;:&quot;&quot;,&quot;camera&quot;:&quot;&quot;,&quot;caption&quot;:&quot;&quot;,&quot;created_timestamp&quot;:&quot;0&quot;,&quot;copyright&quot;:&quot;&quot;,&quot;focal_length&quot;:&quot;0&quot;,&quot;iso&quot;:&quot;0&quot;,&quot;shutter_speed&quot;:&quot;0&quot;,&quot;title&quot;:&quot;&quot;}\" data-image-title=\"clouds\" data-image-description=\"\" data-medium-file=\"https:\/\/i2.wp.com\/ntmu.net\/wp-content\/uploads\/2013\/03\/clouds.jpg?fit=183%2C192&amp;ssl=1\" data-large-file=\"https:\/\/i2.wp.com\/ntmu.net\/wp-content\/uploads\/2013\/03\/clouds.jpg?fit=183%2C192&amp;ssl=1\" loading=\"lazy\" class=\"alignnone size-full wp-image-825\" src=\"https:\/\/i2.wp.com\/ntmu.net\/wp-content\/uploads\/2013\/03\/clouds.jpg?resize=84%2C89\" alt=\"clouds\" width=\"84\" height=\"89\" data-recalc-dims=\"1\" \/><\/a><\/td>\n<td width=\"94%\">\n<h3>\u00a1NUBARRONES!<\/h3>\n<\/td>\n<\/tr>\n<tr>\n<td width=\"6%\"><\/td>\n<td width=\"94%\">Cuando cantamos de las grandes &#8220;lluvias&#8221; de bendici\u00f3n, solemos olvidar\u00a0que\u00a0las\u00a0&#8220;nubes&#8221; que las traen parecen muy negras y amenazantes.\u00a0F\u00edjate en estas\u00a0fotos asombrosas, descubre lo que la Biblia dice al respecto de las &#8220;nubes&#8221;, y&#8230;\u00a0\u00a1sigue cantando!<\/td>\n<\/tr>\n<tr>\n<td width=\"6%\"><a href=\"http:\/\/ntmu.net\/pps\/ComoTemplarElAcero.pps\"><img data-attachment-id=\"822\" data-permalink=\"https:\/\/ntmu.net\/?attachment_id=822\" data-orig-file=\"https:\/\/i1.wp.com\/ntmu.net\/wp-content\/uploads\/2013\/03\/anvil3.jpg?fit=597%2C623&amp;ssl=1\" data-orig-size=\"597,623\" data-comments-opened=\"0\" data-image-meta=\"{&quot;aperture&quot;:&quot;0&quot;,&quot;credit&quot;:&quot;&quot;,&quot;camera&quot;:&quot;&quot;,&quot;caption&quot;:&quot;&quot;,&quot;created_timestamp&quot;:&quot;0&quot;,&quot;copyright&quot;:&quot;&quot;,&quot;focal_length&quot;:&quot;0&quot;,&quot;iso&quot;:&quot;0&quot;,&quot;shutter_speed&quot;:&quot;0&quot;,&quot;title&quot;:&quot;&quot;}\" data-image-title=\"anvil3\" data-image-description=\"\" data-medium-file=\"https:\/\/i1.wp.com\/ntmu.net\/wp-content\/uploads\/2013\/03\/anvil3.jpg?fit=287%2C300&amp;ssl=1\" data-large-file=\"https:\/\/i1.wp.com\/ntmu.net\/wp-content\/uploads\/2013\/03\/anvil3.jpg?fit=597%2C623&amp;ssl=1\" loading=\"lazy\" class=\"alignnone size-medium wp-image-822\" src=\"https:\/\/i1.wp.com\/ntmu.net\/wp-content\/uploads\/2013\/03\/anvil3.jpg?resize=72%2C60\" alt=\"anvil3\" width=\"72\" height=\"60\" srcset=\"https:\/\/i1.wp.com\/ntmu.net\/wp-content\/uploads\/2013\/03\/anvil3.jpg?zoom=2&amp;resize=72%2C60 144w, https:\/\/i1.wp.com\/ntmu.net\/wp-content\/uploads\/2013\/03\/anvil3.jpg?zoom=3&amp;resize=72%2C60 216w\" sizes=\"(max-width: 72px) 100vw, 72px\" data-recalc-dims=\"1\" \/><\/a><\/td>\n<td width=\"94%\">\n<h3>C\u00f3mo Templar el Acero<\/h3>\n<\/td>\n<\/tr>\n<tr>\n<td width=\"6%\" height=\"81\"><\/td>\n<td width=\"94%\">Un herrero, siempre trabajando con los metales, cay\u00f3 en la cuenta de que sus propias manos, no s\u00f3lo fraguaban el acero, sino que hab\u00edan forjado toda una\u00a0par\u00e1bola. Y \u00a1qu\u00e9 par\u00e1bola\u2026!<\/td>\n<\/tr>\n<tr>\n<td width=\"6%\"><a href=\"http:\/\/ntmu.net\/pps\/Nos%C3%B3lodePAN.pps\"><img data-attachment-id=\"824\" data-permalink=\"https:\/\/ntmu.net\/?attachment_id=824\" data-orig-file=\"https:\/\/i0.wp.com\/ntmu.net\/wp-content\/uploads\/2013\/03\/breadCut.jpg?fit=542%2C335&amp;ssl=1\" data-orig-size=\"542,335\" data-comments-opened=\"0\" data-image-meta=\"{&quot;aperture&quot;:&quot;0&quot;,&quot;credit&quot;:&quot;&quot;,&quot;camera&quot;:&quot;&quot;,&quot;caption&quot;:&quot;&quot;,&quot;created_timestamp&quot;:&quot;0&quot;,&quot;copyright&quot;:&quot;&quot;,&quot;focal_length&quot;:&quot;0&quot;,&quot;iso&quot;:&quot;0&quot;,&quot;shutter_speed&quot;:&quot;0&quot;,&quot;title&quot;:&quot;&quot;}\" data-image-title=\"breadCut\" data-image-description=\"\" data-medium-file=\"https:\/\/i0.wp.com\/ntmu.net\/wp-content\/uploads\/2013\/03\/breadCut.jpg?fit=300%2C185&amp;ssl=1\" data-large-file=\"https:\/\/i0.wp.com\/ntmu.net\/wp-content\/uploads\/2013\/03\/breadCut.jpg?fit=542%2C335&amp;ssl=1\" loading=\"lazy\" class=\"alignnone size-medium wp-image-824\" src=\"https:\/\/i0.wp.com\/ntmu.net\/wp-content\/uploads\/2013\/03\/breadCut.jpg?resize=78%2C64\" alt=\"breadCut\" width=\"78\" height=\"64\" srcset=\"https:\/\/i0.wp.com\/ntmu.net\/wp-content\/uploads\/2013\/03\/breadCut.jpg?zoom=2&amp;resize=78%2C64 156w, https:\/\/i0.wp.com\/ntmu.net\/wp-content\/uploads\/2013\/03\/breadCut.jpg?zoom=3&amp;resize=78%2C64 234w\" sizes=\"(max-width: 78px) 100vw, 78px\" data-recalc-dims=\"1\" \/><\/a><\/td>\n<td width=\"94%\">\n<h3>\u00a0No S\u00f3lo de Pan&#8230;<\/h3>\n<\/td>\n<\/tr>\n<tr>\n<td width=\"6%\" height=\"81\"><\/td>\n<td width=\"94%\">Los \u00e1ngeles no comen, pero los seres humanos dependemos de la comida. Las im\u00e1genes interesantes de este pps tienen que ver con el pan, o con su falta, algunas son dram\u00e1ticas. Y, aunque los \u00e1ngeles no coman, \u00bfsab\u00edas que hay un &#8220;pan celestial&#8221;? \u00bfY qu\u00e9 al comer de ese pan t\u00fa mismo cobras vida eterna?<\/td>\n<\/tr>\n<\/tbody>\n<\/table>\n<p>&nbsp;<\/p>\n<p>&nbsp;<\/p>\n<div class=\"sharedaddy sd-sharing-enabled\"><div class=\"robots-nocontent sd-block sd-social sd-social-icon-text sd-sharing\"><h3 class=\"sd-title\">Share this:<\/h3><div class=\"sd-content\"><ul><li class=\"share-facebook\"><a rel=\"nofollow noopener noreferrer\" data-shared=\"sharing-facebook-820\" class=\"share-facebook sd-button share-icon\" href=\"https:\/\/ntmu.net\/?page_id=820&amp;share=facebook\" target=\"_blank\" title=\"Click to share on Facebook\"><span>Facebook<\/span><\/a><\/li><li class=\"share-linkedin\"><a rel=\"nofollow noopener noreferrer\" data-shared=\"sharing-linkedin-820\" class=\"share-linkedin sd-button share-icon\" href=\"https:\/\/ntmu.net\/?page_id=820&amp;share=linkedin\" target=\"_blank\" title=\"Click to share on LinkedIn\"><span>LinkedIn<\/span><\/a><\/li><li class=\"share-twitter\"><a rel=\"nofollow noopener noreferrer\" data-shared=\"sharing-twitter-820\" class=\"share-twitter sd-button share-icon\" href=\"https:\/\/ntmu.net\/?page_id=820&amp;share=twitter\" target=\"_blank\" title=\"Click to share on Twitter\"><span>Twitter<\/span><\/a><\/li><li class=\"share-print\"><a rel=\"nofollow noopener noreferrer\" data-shared=\"\" class=\"share-print sd-button share-icon\" href=\"https:\/\/ntmu.net\/?page_id=820\" target=\"_blank\" title=\"Click to print\"><span>Print<\/span><\/a><\/li><li class=\"share-end\"><\/li><\/ul><\/div><\/div><\/div>","protected":false},"excerpt":{"rendered":"<p>\u00a0 El Problema del Oriente Medio Este v\u00eddeo de Dennis Prager (en ingl\u00e9s, pero con subt\u00edtulos en espa\u00f1ol) resume la historia del conflicto de Oriente Medio. \u00c9l se basa en los hechos, y hace ver como \u00e9stos cada vez quedan m\u00e1s turbios con los esfuerzos de revisi\u00f3n de los pa\u00edses musulmanes. Prager pregunta: \u00bfPor qu\u00e9 [&hellip;]<\/p>\n<div class=\"sharedaddy sd-sharing-enabled\"><div class=\"robots-nocontent sd-block sd-social sd-social-icon-text sd-sharing\"><h3 class=\"sd-title\">Share this:<\/h3><div class=\"sd-content\"><ul><li class=\"share-facebook\"><a rel=\"nofollow noopener noreferrer\" data-shared=\"sharing-facebook-820\" class=\"share-facebook sd-button share-icon\" href=\"https:\/\/ntmu.net\/?page_id=820&amp;share=facebook\" target=\"_blank\" title=\"Click to share on Facebook\"><span>Facebook<\/span><\/a><\/li><li class=\"share-linkedin\"><a rel=\"nofollow noopener noreferrer\" data-shared=\"sharing-linkedin-820\" class=\"share-linkedin sd-button share-icon\" href=\"https:\/\/ntmu.net\/?page_id=820&amp;share=linkedin\" target=\"_blank\" title=\"Click to share on LinkedIn\"><span>LinkedIn<\/span><\/a><\/li><li class=\"share-twitter\"><a rel=\"nofollow noopener noreferrer\" data-shared=\"sharing-twitter-820\" class=\"share-twitter sd-button share-icon\" href=\"https:\/\/ntmu.net\/?page_id=820&amp;share=twitter\" target=\"_blank\" title=\"Click to share on Twitter\"><span>Twitter<\/span><\/a><\/li><li class=\"share-print\"><a rel=\"nofollow noopener noreferrer\" data-shared=\"\" class=\"share-print sd-button share-icon\" href=\"https:\/\/ntmu.net\/?page_id=820\" target=\"_blank\" title=\"Click to print\"><span>Print<\/span><\/a><\/li><li class=\"share-end\"><\/li><\/ul><\/div><\/div><\/div>","protected":false},"author":1,"featured_media":0,"parent":0,"menu_order":0,"comment_status":"closed","ping_status":"closed","template":"","meta":{"spay_email":""},"jetpack_sharing_enabled":true,"jetpack_shortlink":"https:\/\/wp.me\/Pd9LLw-de","_links":{"self":[{"href":"https:\/\/ntmu.net\/index.php?rest_route=\/wp\/v2\/pages\/820"}],"collection":[{"href":"https:\/\/ntmu.net\/index.php?rest_route=\/wp\/v2\/pages"}],"about":[{"href":"https:\/\/ntmu.net\/index.php?rest_route=\/wp\/v2\/types\/page"}],"author":[{"embeddable":true,"href":"https:\/\/ntmu.net\/index.php?rest_route=\/wp\/v2\/users\/1"}],"replies":[{"embeddable":true,"href":"https:\/\/ntmu.net\/index.php?rest_route=%2Fwp%2Fv2%2Fcomments&post=820"}],"version-history":[{"count":8,"href":"https:\/\/ntmu.net\/index.php?rest_route=\/wp\/v2\/pages\/820\/revisions"}],"predecessor-version":[{"id":1690,"href":"https:\/\/ntmu.net\/index.php?rest_route=\/wp\/v2\/pages\/820\/revisions\/1690"}],"wp:attachment":[{"href":"https:\/\/ntmu.net\/index.php?rest_route=%2Fwp%2Fv2%2Fmedia&parent=820"}],"curies":[{"name":"wp","href":"https:\/\/api.w.org\/{rel}","templated":true}]}}